{"id":730,"date":"2016-06-02T15:04:48","date_gmt":"2016-06-02T15:04:48","guid":{"rendered":"https:\/\/www.csfconsulting.es\/en\/csf-consulting-alcala-de-henares\/"},"modified":"2023-02-20T16:12:07","modified_gmt":"2023-02-20T15:12:07","slug":"csf-consulting-alcala-de-henares-2","status":"publish","type":"page","link":"https:\/\/www.csfconsulting.es\/en\/csf-consulting-alcala-de-henares-2\/","title":{"rendered":"CSF Consulting Alcal\u00e1 de Henares"},"content":{"rendered":"<div class=\"wpb-content-wrapper\"><p>[vc_row full_width_row=&#8221;true&#8221;][vc_column][vc_single_image image=&#8221;549&#8243; img_size=&#8221;full&#8221; alignment=&#8221;center&#8221;][\/vc_column][\/vc_row][vc_row full_width=&#8221;stretch_row&#8221; equal_height=&#8221;yes&#8221; type=&#8221;vc_default&#8221; full_width_row=&#8221;true&#8221; css=&#8221;.vc_custom_1464875768422{padding-top: 40px !important;padding-bottom: 40px !important;background-color: #ffffff !important;background-position: center !important;background-repeat: no-repeat !important;background-size: cover !important;}&#8221;][vc_column width=&#8221;2\/3&#8243;][vc_column_text]<\/p>\n<h2>Red de oficinas &#8211;\u00a0Alcal\u00e1 de Henares<\/h2>\n<p><strong>CSF Consulting Alcal\u00e1 de Henares<\/strong> es\u00a0nuestra \u00faltima apertura, ubicado a 650 metros de la Plaza Cervantes.<\/p>\n<p>Somos un despacho de consultor\u00eda integral, avalado por el esfuerzo y profesionalidad de nuestro equipo de trabajo, especializado en:<\/p>\n<ul>\n<li><a href=\"https:\/\/www.csfconsulting.es\/en\/services\/small-and-medium-size-businesses-smes\/\" target=\"_blank\" rel=\"noopener\">Small and Medium Size Businesses (SMEs)<\/a><\/li>\n<li><a href=\"https:\/\/www.csfconsulting.es\/en\/services\/individuals\/\" target=\"_blank\" rel=\"noopener\">Professionals<\/a><\/li>\n<li><a href=\"https:\/\/www.csfconsulting.es\/en\/services\/startups-and-entrepreneurs\/\">StartUps and Entrepreneurs<\/a><\/li>\n<li><a href=\"https:\/\/www.csfconsulting.es\/en\/services\/individuals\/\">Individuals<\/a><\/li>\n<\/ul>\n<p>Contamos con los medios t\u00e9cnicos m\u00e1s avanzados para as\u00ed poder ofrecerle todas las facilidades que se encuentren en nuestras manos.[\/vc_column_text][\/vc_column][vc_column width=&#8221;1\/3&#8243;][vc_column_text]<strong>Address:<\/strong><\/p>\n<p>Calle del Teniente Ruiz, 10, 1\u00ba1\u00aa<br \/>\n28805- Alcal\u00e1 de Henares (Madrid)<\/p>\n<p><strong>Phone:<\/strong> +34 91 674 31 36<br \/>\n<strong>Fax:<\/strong> +34 91 673 12 51<br \/>\n<strong>E-mail:<\/strong> afianzacsf@afianza-ac.es<\/p>\n<p><strong>Working time:<\/strong><\/p>\n<p>Lunes a Jueves: 8:30 \u2013\u00a014:00 ; 15:30 \u2013 18:30<br \/>\nViernes: 8:30 \u2013 14:30[\/vc_column_text][\/vc_column][\/vc_row][vc_row full_width_row=&#8221;true&#8221; css=&#8221;.vc_custom_1464879089013{margin-bottom: -35px !important;}&#8221;][vc_column][vc_gmaps link=&#8221;#E-8_JTNDaWZyYW1lJTIwc3JjJTNEJTIyaHR0cHMlM0ElMkYlMkZ3d3cuZ29vZ2xlLmNvbSUyRm1hcHMlMkZlbWJlZCUzRnBiJTNEJTIxMW0xOCUyMTFtMTIlMjExbTMlMjExZDMwMzQuNTk3NjczODQ3ODkwNyUyMTJkLTMuMzYxMjY1OTg0NjAyMDE3JTIxM2Q0MC40ODQxNjQ4NzkzNTczMTYlMjEybTMlMjExZjAlMjEyZjAlMjEzZjAlMjEzbTIlMjExaTEwMjQlMjEyaTc2OCUyMTRmMTMuMSUyMTNtMyUyMTFtMiUyMTFzMHhkNDI0OTE1NTJhYjBiOWQlMjUzQTB4Zjg5NGJiY2YwYWYwOTk3NyUyMTJzQ2FsbGUlMkJUZW5pZW50ZSUyQlJ1aXolMjUyQyUyQjEwJTI1MkMlMkIyODgwNSUyQkFsY2FsJTI1QzMlMjVBMSUyQmRlJTJCSGVuYXJlcyUyNTJDJTJCTWFkcmlkJTIxNWUwJTIxM20yJTIxMXNlcyUyMTJzZXMlMjE0djE0NjQ4Nzk4NjkzNDklMjIlMjB3aWR0aCUzRCUyMjEwMCUyNSUyMiUyMGhlaWdodCUzRCUyMjM1MCUyMiUyMGZyYW1lYm9yZGVyJTNEJTIyMCUyMiUyMHN0eWxlJTNEJTIyYm9yZGVyJTNBMCUyMiUyMGFsbG93ZnVsbHNjcmVlbiUzRSUzQyUyRmlmcmFtZSUzRQ==&#8221;][\/vc_column][\/vc_row][vc_row full_width=&#8221;stretch_row&#8221; bg_type=&#8221;image&#8221; parallax_style=&#8221;vcpb-default&#8221; bg_image_new=&#8221;id^163|url^https:\/\/www.csfconsulting.es\/wp-content\/uploads\/2016\/05\/fondo-cotacto.jpg|caption^null|alt^null|title^fondo-cotacto|description^null&#8221; bg_image_repeat=&#8221;no-repeat&#8221; type=&#8221;vc_default&#8221; css=&#8221;.vc_custom_1464188604111{padding-top: 40px !important;padding-bottom: 60px !important;}&#8221;][vc_column]<div id=\"ultimate-heading-239869ef9d4f3f487\" class=\"uvc-heading ult-adjust-bottom-margin ultimate-heading-239869ef9d4f3f487 uvc-3983  uvc-heading-default-font-sizes\" data-hspacer=\"no_spacer\"  data-halign=\"center\" style=\"text-align:center\"><div class=\"uvc-heading-spacer no_spacer\" style=\"top\"><\/div><div class=\"uvc-main-heading ult-responsive\"  data-ultimate-target='.uvc-heading.ultimate-heading-239869ef9d4f3f487 h2'  data-responsive-json-new='{\"font-size\":\"\",\"line-height\":\"\"}' ><h2 style=\"font-family:&#039;Open Sans&#039;;font-weight:700;color:#ffffff;\">Contacta con nosotros<\/h2><\/div><div class=\"uvc-sub-heading ult-responsive\"  data-ultimate-target='.uvc-heading.ultimate-heading-239869ef9d4f3f487 .uvc-sub-heading '  data-responsive-json-new='{\"font-size\":\"desktop:24px;\",\"line-height\":\"desktop:32px;\"}'  style=\"font-family:&#039;Open Sans&#039;;font-weight:300;color:#ffffff;\"><\/p>\n<p style=\"text-align: center;\">Si tienes alguna duda,\u00a0ll\u00e1manos al <strong>91 674 31 36\u00a0<\/strong>o env\u00edanos tus datos y te asignaremos un asesor personal que contactar\u00e1\u00a0contigo de inmediato para resolver cualquier duda que tengas<\/p>\n<p><\/div><\/div>[vc_empty_space]\n<div class=\"wpcf7 no-js\" id=\"wpcf7-f820-o1\" lang=\"es-ES\" dir=\"ltr\" data-wpcf7-id=\"820\">\n<div class=\"screen-reader-response\"><p role=\"status\" aria-live=\"polite\" aria-atomic=\"true\"><\/p> <ul><\/ul><\/div>\n<form action=\"\/en\/wp-json\/wp\/v2\/pages\/730#wpcf7-f820-o1\" method=\"post\" class=\"wpcf7-form init\" aria-label=\"Formulario de contacto\" novalidate=\"novalidate\" data-status=\"init\">\n<fieldset class=\"hidden-fields-container\"><input type=\"hidden\" name=\"_wpcf7\" value=\"820\" \/><input type=\"hidden\" name=\"_wpcf7_version\" value=\"6.1.5\" \/><input type=\"hidden\" name=\"_wpcf7_locale\" value=\"es_ES\" \/><input type=\"hidden\" name=\"_wpcf7_unit_tag\" value=\"wpcf7-f820-o1\" \/><input type=\"hidden\" name=\"_wpcf7_container_post\" value=\"0\" \/><input type=\"hidden\" name=\"_wpcf7_posted_data_hash\" value=\"\" \/><input type=\"hidden\" name=\"_wpcf7_recaptcha_response\" value=\"\" \/>\n<\/fieldset>\n<div style=\"float:left;width:49.6%;margin-right:0.8%;\">\n\t<p><span class=\"wpcf7-form-control-wrap\" data-name=\"your-name\"><input size=\"40\" maxlength=\"400\" class=\"wpcf7-form-control wpcf7-text wpcf7-validates-as-required\" aria-required=\"true\" aria-invalid=\"false\" placeholder=\"Name*\" value=\"\" type=\"text\" name=\"your-name\" \/><\/span>\n\t<\/p>\n<\/div>\n<div style=\"float:left;width:49.6%;\">\n\t<p><span class=\"wpcf7-form-control-wrap\" data-name=\"your-company\"><input size=\"40\" maxlength=\"400\" class=\"wpcf7-form-control wpcf7-text\" aria-invalid=\"false\" placeholder=\"Company\" value=\"\" type=\"text\" name=\"your-company\" \/><\/span>\n\t<\/p>\n<\/div>\n<div style=\"clear:both;float:left;width:49.6%;margin-right:0.8%;\">\n\t<p><span class=\"wpcf7-form-control-wrap\" data-name=\"your-email\"><input size=\"40\" maxlength=\"400\" class=\"wpcf7-form-control wpcf7-email wpcf7-validates-as-required wpcf7-text wpcf7-validates-as-email\" aria-required=\"true\" aria-invalid=\"false\" placeholder=\"Email*\" value=\"\" type=\"email\" name=\"your-email\" \/><\/span>\n\t<\/p>\n<\/div>\n<div style=\"float:left;width:49.6%;\">\n\t<p><span class=\"wpcf7-form-control-wrap\" data-name=\"your-tel\"><input size=\"40\" maxlength=\"400\" class=\"wpcf7-form-control wpcf7-tel wpcf7-text wpcf7-validates-as-tel\" aria-invalid=\"false\" placeholder=\"Phone\" value=\"\" type=\"tel\" name=\"your-tel\" \/><\/span>\n\t<\/p>\n<\/div>\n<div style=\"clear:both;\" class=\"areatexto\">\n\t<p><span class=\"wpcf7-form-control-wrap\" data-name=\"your-message\"><textarea cols=\"40\" rows=\"10\" maxlength=\"2000\" class=\"wpcf7-form-control wpcf7-textarea\" aria-invalid=\"false\" placeholder=\"Message\" name=\"your-message\"><\/textarea><\/span>\n\t<\/p>\n<\/div>\n<div class=\"botoncolor\" style=\"float:left;\">\n\t<p><input class=\"wpcf7-form-control wpcf7-submit has-spinner\" type=\"submit\" value=\"Submit\" \/>\n\t<\/p>\n<\/div>\n<div style=\"float:right;color:#ffffff;\">\n\t<p><span class=\"wpcf7-form-control-wrap\" data-name=\"acceptance-313\"><span class=\"wpcf7-form-control wpcf7-acceptance\"><span class=\"wpcf7-list-item\"><input type=\"checkbox\" name=\"acceptance-313\" value=\"1\" aria-invalid=\"false\" \/><\/span><\/span><\/span> I accept the <a style=\"color:#ffffff;\" href=\"https:\/\/www.csfconsulting.es\/en\/privacy-policy\/\" title=\"Read the rivacy policy\" target=\"_blank\">privacy policy<\/a>\n\t<\/p>\n<\/div><p style=\"display: none !important;\" class=\"akismet-fields-container\" data-prefix=\"_wpcf7_ak_\"><label>&#916;<textarea name=\"_wpcf7_ak_hp_textarea\" cols=\"45\" rows=\"8\" maxlength=\"100\"><\/textarea><\/label><input type=\"hidden\" id=\"ak_js_1\" name=\"_wpcf7_ak_js\" value=\"2\"\/><script>\ndocument.getElementById( \"ak_js_1\" ).setAttribute( \"value\", ( new Date() ).getTime() );\n<\/script>\n<\/p><div class=\"wpcf7-response-output\" aria-hidden=\"true\"><\/div>\n<\/form>\n<\/div>\n[\/vc_column][\/vc_row]<\/p>\n<\/div>","protected":false},"excerpt":{"rendered":"<p>[vc_row full_width_row=&#8221;true&#8221;][vc_column][vc_single_image image=&#8221;549&#8243; img_size=&#8221;full&#8221; alignment=&#8221;center&#8221;][\/vc_column][\/vc_row][vc_row full_width=&#8221;stretch_row&#8221; equal_height=&#8221;yes&#8221; type=&#8221;vc_default&#8221; full_width_row=&#8221;true&#8221; css=&#8221;.vc_custom_1464875768422{padding-top: 40px !important;padding-bottom: 40px !important;background-color: #ffffff !important;background-position: center !important;background-repeat: no-repeat !important;background-size: cover !important;}&#8221;][vc_column width=&#8221;2\/3&#8243;][vc_column_text] Red de oficinas &#8211;\u00a0Alcal\u00e1 de Henares CSF Consulting Alcal\u00e1 de Henares es\u00a0nuestra \u00faltima apertura, ubicado a 650 metros de la Plaza Cervantes. Somos un despacho de consultor\u00eda integral, avalado por el esfuerzo&hellip;<\/p>\n","protected":false},"author":2,"featured_media":0,"parent":0,"menu_order":0,"comment_status":"closed","ping_status":"closed","template":"","meta":{"footnotes":""},"class_list":["post-730","page","type-page","status-publish","hentry","description-off"],"_links":{"self":[{"href":"https:\/\/www.csfconsulting.es\/en\/wp-json\/wp\/v2\/pages\/730","targetHints":{"allow":["GET"]}}],"collection":[{"href":"https:\/\/www.csfconsulting.es\/en\/wp-json\/wp\/v2\/pages"}],"about":[{"href":"https:\/\/www.csfconsulting.es\/en\/wp-json\/wp\/v2\/types\/page"}],"author":[{"embeddable":true,"href":"https:\/\/www.csfconsulting.es\/en\/wp-json\/wp\/v2\/users\/2"}],"replies":[{"embeddable":true,"href":"https:\/\/www.csfconsulting.es\/en\/wp-json\/wp\/v2\/comments?post=730"}],"version-history":[{"count":1,"href":"https:\/\/www.csfconsulting.es\/en\/wp-json\/wp\/v2\/pages\/730\/revisions"}],"predecessor-version":[{"id":18200,"href":"https:\/\/www.csfconsulting.es\/en\/wp-json\/wp\/v2\/pages\/730\/revisions\/18200"}],"wp:attachment":[{"href":"https:\/\/www.csfconsulting.es\/en\/wp-json\/wp\/v2\/media?parent=730"}],"curies":[{"name":"wp","href":"https:\/\/api.w.org\/{rel}","templated":true}]}}