{"id":738,"date":"2016-05-23T10:25:56","date_gmt":"2016-05-23T10:25:56","guid":{"rendered":"https:\/\/www.csfconsulting.es\/en\/politica-de-privacidad\/"},"modified":"2016-07-06T19:12:28","modified_gmt":"2016-07-06T17:12:28","slug":"privacy-policy","status":"publish","type":"page","link":"https:\/\/www.csfconsulting.es\/en\/privacy-policy\/","title":{"rendered":"Privacy policy"},"content":{"rendered":"<div class=\"wpb-content-wrapper\"><p>[vc_row][vc_column][vc_column_text css=&#8221;.vc_custom_1463999213672{padding-top: 40px !important;padding-bottom: 20px !important;}&#8221;]CSF Consulting Abogados y Economistas S.L.,\u00a0\u00a0\u00a0(en adelante, CSF Consulting),\u00a0\u00a0<strong>entidad propietaria de la web csfconsulting.es,\u00a0<\/strong>asesor\u00eda Coslada\u00a0(en adelante \u201cla Web\u201d) informa a los Usuarios que\u00a0<strong>cumple con la vigente legislaci\u00f3n espa\u00f1ola<\/strong>\u00a0y, en especial, con la Ley Org\u00e1nica 15\/1999, de 13 de diciembre, de Protecci\u00f3n de Datos de Car\u00e1cter Personal (en adelante, LOPD), as\u00ed como su Reglamento de desarrollo, aprobado por Real Decreto 1720\/2007, de 21 de diciembre y la Ley 34\/2002 de 11 de julio de Servicios de la Sociedad de la Informaci\u00f3n y del Comercio Electr\u00f3nico (en adelante, LSSICE).<\/p>\n<p><strong>El Usuario<\/strong>\u00a0que quiera facilitar sus datos de car\u00e1cter personal a trav\u00e9s de este sitio web\u00a0<strong>deber\u00e1 ser mayor de edad<\/strong>.<\/p>\n<p>A los efectos de la LOPD, se informa que CSF Consulting se compromete con el\u00a0<strong>respeto a la intimidad del Usuario<\/strong>\u00a0y que los datos obtenidos cuando se completan los distintos formularios de la Web, ser\u00e1n objeto de tratamiento automatizado e incorporados en un fichero automatizado debidamente inscrito en el Registro General de Protecci\u00f3n de Datos, cuyo responsable y destinatario es CSF Consulting.<\/p>\n<p>La recogida de datos de car\u00e1cter personal se lleva a cabo con la finalidad de prestar los servicios contemplados en la Web de csfconsulting.es, as\u00ed como para la prestaci\u00f3n el servicio de informaci\u00f3n, mejorar el servicio, env\u00edo de boletines, remitir publicidad de productos y servicios, avisos, ofertas y, en general, informaci\u00f3n de car\u00e1cter comercial de inter\u00e9s para el Usuario, relacionado con los bienes y servicios que se ofertan a trav\u00e9s de la Web,\u00a0<strong>sin que los datos est\u00e9n a disposici\u00f3n de ning\u00fan tercero\u00a0<\/strong>no anunciado en la Web, salvo autorizaci\u00f3n expresa del Usuario.<\/p>\n<p>En el momento de proceder a la recogida de los datos se indicar\u00e1 el car\u00e1cter voluntario u obligatorio de los datos objeto de recogida.\u00a0<strong>Los campos se\u00f1alados con un asterisco (*) son de obligado cumplimiento<\/strong>\u00a0para la posible contrataci\u00f3n del servicio solicitado.<\/p>\n<p>El Usuario otorga su consentimiento de forma expresa, libre e inequ\u00edvoca para la recogida y tratamiento de sus datos por parte de CSF Consulting, asesoria\u00a0coslada,\u00a0incluyendo sin ser limitativo filiales, sucursales y dem\u00e1s establecimientos de la misma, no pudiendo\u00a0<strong>en ning\u00fan momento vender dichos datos<\/strong>\u00a0a terceros ajenos a la organizaci\u00f3n de CSF Consulting. El tratamiento por parte de las autorizadas ser\u00e1 de car\u00e1cter publicitario, estad\u00edstico, comercial y dem\u00e1s herramientas de marketing existentes.<\/p>\n<p>El Usuario da su consentimiento expreso para que CSF Consulting pueda tratar sus datos de car\u00e1cter personal,\u00a0<strong>de acuerdo con las condiciones descritas en este apartado<\/strong>, cuando haga clic en el \u201cAcepto\u201d del formulario y, posteriormente, proceda a \u201cEnviar\u201d el mismo.<\/p>\n<p>De acuerdo con la LSSICE, CSF Consulting no realiza pr\u00e1cticas de spam, por lo que no env\u00eda correos comerciales por v\u00eda electr\u00f3nica que no hayan sido previamente solicitados o autorizados por el Usuario. En consecuencia, el Usuario da su consentimiento expreso para recibir boletines o comunicaciones informativas relativas a los servicios especificados al rellenar y enviar a CSF Consulting cada formulario con sus datos, con independencia de la informaci\u00f3n comercial puntualmente solicitada en cada caso.<\/p>\n<p>El Sitio Web otorga al Usuario el ejercicio de los\u00a0<strong>derechos de acceso, rectificaci\u00f3n, cancelaci\u00f3n y oposici\u00f3n<\/strong>, en los t\u00e9rminos establecidos en la legislaci\u00f3n vigente, para lo que el Usuario para lo cual deber\u00e1 dirigirse mediante carta a CSF Consulting Abogados y Economistas, S.L, Avda. San Pablo, 26 \u2013 B1 \u2013 28823 Coslada ( Madrid), indicando su nombre, n\u00famero de DNI y la expresi\u00f3n clara de su deseo.<\/p>\n<p>CSF Consulting proceder\u00e1 a la cancelaci\u00f3n de los datos recogidos cuando dejen de ser necesarios o pertinentes para la finalidad para la que hubiesen sido recabados o registrados.<\/p>\n<p>CSF Consulting ha adoptado las medidas t\u00e9cnicas y organizativas necesarias para\u00a0<strong>garantizar la seguridad e integridad de los datos<\/strong>, as\u00ed como para evitar su alteraci\u00f3n, perdida, tratamiento o acceso no autorizado.<\/p>\n<p>El acceso a la informaci\u00f3n sobre los clientes est\u00e1 restringido a aquellos empleados que leg\u00edtimamente necesiten hacer uso de dicha informaci\u00f3n para realizar su trabajo, estando todos ellos obligados a cumplir las mismas medidas de seguridad en el tratamiento y conservaci\u00f3n de la informaci\u00f3n de car\u00e1cter personal.<\/p>\n<p>CSF Consulting se reserva el derecho a modificar la presente pol\u00edtica para\u00a0<strong>adaptarla a novedades o exigencias legislativas y jurisprudenciales<\/strong>, teniendo en todo momento en cuenta los leg\u00edtimos intereses de los Clientes.[\/vc_column_text][\/vc_column][\/vc_row]<\/p>\n<\/div>","protected":false},"excerpt":{"rendered":"<p>[vc_row][vc_column][vc_column_text css=&#8221;.vc_custom_1463999213672{padding-top: 40px !important;padding-bottom: 20px !important;}&#8221;]CSF Consulting Abogados y Economistas S.L.,\u00a0\u00a0\u00a0(en adelante, CSF Consulting),\u00a0\u00a0entidad propietaria de la web csfconsulting.es,\u00a0asesor\u00eda Coslada\u00a0(en adelante \u201cla Web\u201d) informa a los Usuarios que\u00a0cumple con la vigente legislaci\u00f3n espa\u00f1ola\u00a0y, en especial, con la Ley Org\u00e1nica 15\/1999, de 13 de diciembre, de Protecci\u00f3n de Datos de Car\u00e1cter Personal (en adelante, LOPD), as\u00ed&hellip;<\/p>\n","protected":false},"author":2,"featured_media":0,"parent":0,"menu_order":0,"comment_status":"closed","ping_status":"closed","template":"","meta":{"footnotes":""},"class_list":["post-738","page","type-page","status-publish","hentry","description-off"],"_links":{"self":[{"href":"https:\/\/www.csfconsulting.es\/en\/wp-json\/wp\/v2\/pages\/738","targetHints":{"allow":["GET"]}}],"collection":[{"href":"https:\/\/www.csfconsulting.es\/en\/wp-json\/wp\/v2\/pages"}],"about":[{"href":"https:\/\/www.csfconsulting.es\/en\/wp-json\/wp\/v2\/types\/page"}],"author":[{"embeddable":true,"href":"https:\/\/www.csfconsulting.es\/en\/wp-json\/wp\/v2\/users\/2"}],"replies":[{"embeddable":true,"href":"https:\/\/www.csfconsulting.es\/en\/wp-json\/wp\/v2\/comments?post=738"}],"version-history":[{"count":0,"href":"https:\/\/www.csfconsulting.es\/en\/wp-json\/wp\/v2\/pages\/738\/revisions"}],"wp:attachment":[{"href":"https:\/\/www.csfconsulting.es\/en\/wp-json\/wp\/v2\/media?parent=738"}],"curies":[{"name":"wp","href":"https:\/\/api.w.org\/{rel}","templated":true}]}}