{"id":725,"date":"2016-05-23T10:29:52","date_gmt":"2016-05-23T10:29:52","guid":{"rendered":"https:\/\/www.csfconsulting.es\/fr\/aviso-legal\/"},"modified":"2016-07-06T19:12:02","modified_gmt":"2016-07-06T17:12:02","slug":"avis-juridique","status":"publish","type":"page","link":"https:\/\/www.csfconsulting.es\/fr\/avis-juridique\/","title":{"rendered":"Avis Juridique"},"content":{"rendered":"<div class=\"wpb-content-wrapper\"><p>[vc_row][vc_column][vc_column_text css=\u00a0\u00bb.vc_custom_1463999384406{padding-top: 40px !important;padding-bottom: 20px !important;}\u00a0\u00bb]<\/p>\n<h2>1. TITULARIDAD<\/h2>\n<p>El titular del Sitio Web\u00a0<a href=\"https:\/\/www.csfconsulting.es\/\">www.csfconsulting.es<\/a>\u00a0(en adelante, la Web o Sitio Web) es la Sociedad \u201cCSF Consulting Abogados y Economistas S.L.\u201d (en adelante, Csf Consulting),\u00a0 asesoria coslada,\u00a0con domicilio social en Centro Empresarial \u2013 Avda. San Pablo, 26 \u2013 Ofic B1, (28823) de Coslada, Madrid, tel\u00e9fonos de contacto 91 674 31 36, Fax: 916 731 251 y direcci\u00f3n de correo electr\u00f3nico:\u00a0<a href=\"mailto:info@csfconsulting.es\">info@csfconsulting.es<\/a>, provista de C.I.F. n\u00fam. B-82233735 e inscrita en el Registro Mercantil de Madrid al tomo 13.973, libro 0, folio 143, secci\u00f3n 8\u00aa, hoja n\u00famero M- 229033, inscripci\u00f3n 1\u00aa.<\/p>\n<h2>2. CONDICIONES DE ACCESO Y USO DEL SITIO WEB<\/h2>\n<p>La utilizaci\u00f3n de esta Web implica la atribuci\u00f3n de la condici\u00f3n de \u201cUsuario\u201d y, en su caso, la aceptaci\u00f3n plena de todas las disposiciones incluidas en este \u201cAviso Legal\u201d desde el mismo momento en que se accede a \u00e9l como tal Usuario. Asimismo el Usuario tambi\u00e9n se compromete a utilizar los contenidos y servicios disponibles a trav\u00e9s de la Web de acuerdo a lo se\u00f1alado en el apartado de \u201cPol\u00edtica de Privacidad y Protecci\u00f3n de Datos\u201d.<\/p>\n<p>Los contenidos de la web, en especial las referencias informativas y publicitarias, salvo que expresamente se indique lo contrario, no constituyen oferta vinculante.<\/p>\n<p>La informaci\u00f3n facilitada a trav\u00e9s de la web, debe considerarse por el usuario a modo de introducci\u00f3n sin que pueda estimarse como elemento determinante para la toma de decisiones, declinando CSF Consulting toda responsabilidad por el uso que pueda verificarse de la misma.<\/p>\n<p>De acuerdo con la LSSICE, CSF Consulting\u00a0 no realiza pr\u00e1cticas de spam, por lo que no env\u00eda correos comerciales por v\u00eda electr\u00f3nica que no hayan sido previamente solicitados o autorizados por el Usuario. En consecuencia, en cada uno de los formularios habidos en la p\u00e1gina web, el Usuario tiene la posibilidad de dar su consentimiento expreso para recibirlo, con independencia de la informaci\u00f3n comercial puntualmente solicitada.<\/p>\n<p>El consentimiento dado podr\u00e1 ser revocado en cualquier momento por el Usuario mediante el procedimiento establecido en la propia p\u00e1gina Web.<\/p>\n<p>Csf Consulting\u00a0podr\u00e1 alterar en cualquier momento y sin previo aviso el dise\u00f1o, presentaci\u00f3n y\/o configuraci\u00f3n del sitio web.<\/p>\n<p>Las presentes condiciones son las vigentes desde la fecha de su \u00faltima actualizaci\u00f3n. Csf Consulting\u00a0se reserva el derecho a modificarlas en cualquier momento y sin preaviso, en cuyo caso, entrar\u00e1n en vigor desde su publicaci\u00f3n en el sitio web, siendo solamente aplicables a los Usuarios que se den de alta a partir de dicha publicaci\u00f3n.<\/p>\n<p>Csf consulting no se hace responsable de los sitios web no propios a los que se pueda acceder mediante enlaces o v\u00ednculos, o de cualquier contenido puesto a disposici\u00f3n por terceros.<\/p>\n<p>Cualquier uso de un v\u00ednculo de acceso a un sitio web no propio es realizado por voluntad y riesgo exclusivo del usuario y Csf Consulting\u00a0 no recomienda ni garantiza ninguna informaci\u00f3n obtenida a trav\u00e9s de un enlace o v\u00ednculo ajeno al sitio web del proveedor.<\/p>\n<p>No obstante, se autoriza al Usuario a realizar enlaces o links que conduzcan al Sitio Web de Csf Consulting \u00a0siempre y cuando: 1) Quede constancia de la identidad de su propietario. 2) El link \u00fanicamente podr\u00e1 vincular a la p\u00e1gina principal o de inicio, sin reproducirla en modo alguno.3) No se utilice la marca Csf Consulting\u00a0o cualquier otro signo distintivo que pueda confundir sobre la propiedad del sitio Web que establezca el link. 4) Las p\u00e1ginas o sitios de la red a trav\u00e9s de los cuales se realice el enlace no deben atentar a la moral, al orden p\u00fablico y las buenas costumbres y han de ser respetuosos con los principios de no discriminaci\u00f3n y el respeto a la dignidad de la persona, la protecci\u00f3n a la juventud y la infancia y, en general, todos aquellos recogidos en el art\u00edculo 8 de la Ley de Servicios de la Sociedad de la Informaci\u00f3n y del Comercio Electr\u00f3nico. 5) La p\u00e1gina web en la que se establezca el enlace no contendr\u00e1 informaciones o contenidos falsos, inexactos o il\u00edcitos. 6) El establecimiento del enlace no implica en ning\u00fan caso la existencia de relaciones entre Csf Consulting\u00a0y el propietario de la p\u00e1gina Web en la que se establezca, ni la aceptaci\u00f3n ni aprobaci\u00f3n por parte de Csf Consulting de sus contenidos o servicios por lo que no se declarar\u00e1 ni se dar\u00e1 a entender que\u00a0Csf Consulting \u00a0ha autorizado el enlace o que ha supervisado o asumido los servicios puestos a disposici\u00f3n de la p\u00e1gina web en la que se establece el enlace.<\/p>\n<p>Csf Consulting\u00a0no se hace responsable bajo ning\u00fan concepto de los da\u00f1os que pudieran dimanar del uso ilegal o indebido del presente Sitio Web. Al mismo tiempo, Csf Consulting\u00a0queda eximida de cualquier responsabilidad por los da\u00f1os y perjuicios que se pudieran ocasionar como consecuencia del acceso, reproducci\u00f3n, captaci\u00f3n y transmisi\u00f3n de los contenidos y servicios de la p\u00e1gina Web facilitados por terceros.<\/p>\n<p>Csf Consulting \u00a0se reserva el derecho de modificar la presente \u201cInformaci\u00f3n Legal\u201d, incluida su pol\u00edtica de privacidad y comercial, con el objeto de adaptarla a las novedades legislativas o jurisprudenciales, o por criterios empresariales.<\/p>\n<p>El uso del presente sitio web deber\u00e1 ser acorde a la ley eximi\u00e9ndose Csf Consulting\u00a0de cualquier responsabilidad que se pudiera dimanar por un uso contrario a \u00e9ste.<\/p>\n<h2>3. GARANT\u00cdA DEL SITIO WEB<\/h2>\n<p>Csf Consulting\u00a0se exime de cualquier tipo de responsabilidad derivada de la informaci\u00f3n publicada en su Sitio Web,\u00a0<a href=\"https:\/\/www.csfconsulting.es\/\">www.csfconsulting.es<\/a>\u00a0o cualesquiera otros dependientes de este, siempre que esta informaci\u00f3n haya sido manipulada o introducida por un tercero ajeno a la organizaci\u00f3n.<\/p>\n<p>Este Sitio Web pretende reducir al m\u00ednimo los problemas ocasionados por errores de car\u00e1cter t\u00e9cnico. No obstante, algunos datos o informaciones contenidos en las p\u00e1ginas pueden haber sido creados o estructurados en archivos o formatos no exentos de errores, por lo que no se puede garantizar que el servicio no quede interrumpido temporalmente o se vea afectado de cualquier otra forma por tales problemas t\u00e9cnicos. Csf Consulting no asume responsabilidad alguna respecto de dichos fallos o errores t\u00e9cnicos que se presenten resultado de la consulta de las p\u00e1ginas de\u00a0<a href=\"https:\/\/www.csfconsulting.es\/\">www.csfconsulting.es<\/a>, o de aquellas otras externas objeto de reenv\u00edo de la p\u00e1gina principal.<\/p>\n<p>En cualquier momento y sin necesidad de previo aviso al Usuario, Csf Consulting\u00a0podr\u00e1 llevar a cabo la suspensi\u00f3n temporal de servicios en su Sitio Web por problemas t\u00e9cnicos o causas de fuerza mayor. Asimismo, Csf Consulting \u00a0se reserva el derecho a interrumpir de forma temporal o definitiva los servicios facilitados a trav\u00e9s de su Sitio Web, advirti\u00e9ndolo, cuando as\u00ed sea posible, mediante un anuncio en la propia Web.<\/p>\n<h2>4. PROPIEDAD INTELECTUAL<\/h2>\n<p>El contenido del Sitio Web es una obra original y protegida por el Derecho de Propiedad Intelectual con todos los derechos reservados a favor de Csf Consulting.es, no permiti\u00e9ndose la reproducci\u00f3n ni transmisi\u00f3n en forma alguna ni por ning\u00fan medio, de parte o de todo el contenido del material de este Sitio Web, incluyendo sin ser limitativo, texto, gr\u00e1ficos, c\u00f3digo de dise\u00f1o, etc., sin previa autorizaci\u00f3n del autor. En ning\u00fan momento podr\u00e1 ser objeto de copia, modificaci\u00f3n o descompilaci\u00f3n del c\u00f3digo fuente mediante ingenier\u00eda inversa o cualquier otra t\u00e9cnica al efecto.<\/p>\n<p>Todos los logotipos y marcas de Csf Consulting encuentran registrados como marcas en los registros p\u00fablicos correspondientes, contando de esta manera con el beneficio de la fe p\u00fablica registral ante cualquier tipo de controversia en este sentido.<\/p>\n<p>Los logotipos ajenos a Csf Consulting\u00a0que pudieran aparecer en el sitio Web, pertenecen a sus respectivos propietarios, quienes son en todo caso los responsables de cualesquier posible controversia que pudiera darse respecto a ellos. La colocaci\u00f3n de dichos logotipos en el Sitio Web de Csf Consulting\u00a0ha sido en todo caso, previa comunicaci\u00f3n y aceptaci\u00f3n por los propietarios.<\/p>\n<p>El dise\u00f1o del Sitio Web es propiedad exclusiva de Csf Consulting, por tanto, ser\u00e1 necesaria la autorizaci\u00f3n expresa y por escrito de Csf Consulting\u00a0para su reproducci\u00f3n parcial o total, as\u00ed como para su explotaci\u00f3n, distribuci\u00f3n y comercializaci\u00f3n en general.<\/p>\n<p>Las reclamaciones que pudieran interponerse por los Usuarios en relaci\u00f3n con posibles incumplimientos de los derechos de propiedad intelectual o industrial sobre cualesquiera de los Contenidos de este Sitio Web deber\u00e1n dirigirse a la siguiente direcci\u00f3n de correo electr\u00f3nico:\u00a0<a href=\"mailto:info@csfconsulting.es\">info@csfconsulting.es<\/a><\/p>\n<h2>5. USO DE \u201cCOOKIES\u201d Y DEL FICHERO DE ACTIVIDAD<\/h2>\n<p>Csf Consulting\u00a0por su cuenta o por medio de un tercero contratado para la prestaci\u00f3n de servicios de medici\u00f3n, pueden utilizar Cookies cuando un usuario navega por las p\u00e1ginas del Sitio Web. Las Cookies son ficheros enviados a un navegador por medio de un servidor Web para registrar las actividades del usuario en el Sitio Web.<\/p>\n<p>Las Cookies utilizadas por www.csfconsulting.es, o por el tercero que act\u00fae en su nombre, s\u00f3lo registran las direcciones IP y los nombres de dominio utilizados por los Usuarios, pero nunca informaci\u00f3n personal, como su direcci\u00f3n de correo electr\u00f3nico o sus datos personales. Por otro lado, nunca se puede extraer la informaci\u00f3n contenida en el disco duro de un Usuario mediante una Cookie. Las Cookies suelen tener una duraci\u00f3n temporal, y el Usuario puede configurar su navegador para ser avisado en pantalla de la recepci\u00f3n de Cookies y para impedir su instalaci\u00f3n en su disco duro, as\u00ed como para poder conocer el servidor que utiliza las Cookies. Para \u00e9stos casos, el Usuario deber\u00e1 consultar las instrucciones de uso de su navegador para ampliar esta informaci\u00f3n.<\/p>\n<p>El Sitio Web de Csf Consulting, utiliza las Cookies para los an\u00e1lisis estad\u00edsticos de su utilizaci\u00f3n y para mejorar el servicio prestado al Usuario. Gracias a las Cookies, resulta posible que el servidor de www.csfconsulting.es o el tercero que act\u00fae en su nombre, reconozca el navegador del ordenador utilizado por el usuario, con la finalidad de que la navegaci\u00f3n sea m\u00e1s sencilla, permitiendo por ejemplo, el acceso a los usuarios que se hayan registrado previamente, acceder a las \u00e1reas, servicios, promociones o concursos reservados exclusivamente para ellos sin tener que registrarse en cada visita, etc. Se utilizan tambi\u00e9n para medir la audiencia y par\u00e1metros del tr\u00e1fico, controlar el progreso y el n\u00famero de entradas.<\/p>\n<p>Para utilizar el Sitio Web de Csf Consulting, no resulta necesario que el usuario permita la instalaci\u00f3n de las Cookies que \u00e9l env\u00eda, o que env\u00eda el tercero que act\u00fae en su nombre, pero entonces puede que sea necesario que el usuario haga la actividad de inicio de sesi\u00f3n en cada uno de los servicios cuya prestaci\u00f3n requiera el registro previo o \u201clogin\u201d.<\/p>\n<p>Los servidores Web de\u00a0<a href=\"https:\/\/www.csfconsulting.es\/\">www.csfconsulting.es<\/a>\u00a0detectan de manera autom\u00e1tica la direcci\u00f3n IP y el nombre de dominio utilizados por el usuario. Esta informaci\u00f3n es registrada en un fichero de actividad del servidor, que permite el posterior procesamiento de los datos para los fines estad\u00edsticos y de servicio especificados: obtener mediciones estad\u00edsticas, conocer el n\u00famero de impresiones de p\u00e1ginas, el n\u00famero de visitas realizadas a los servicios web, etc.<\/p>\n<h2>6. LEY APLICABLE<\/h2>\n<p>Para toda cuesti\u00f3n litigiosa que incumba al Sitio Web de\u00a0<a href=\"https:\/\/www.csfconsulting.es\/\">www.csfconsulting.es<\/a>\u00a0o cualquiera de los que de \u00e9l dependa, ser\u00e1 de aplicaci\u00f3n la legislaci\u00f3n espa\u00f1ola, siendo competentes para la resoluci\u00f3n de todos los conflictos derivados o relacionados con el uso del presente sitio Web, los Juzgados y Tribunales de Madrid l (Espa\u00f1a).<\/p>\n<p>Se pone a disposici\u00f3n de los Usuarios los siguientes medios donde podr\u00e1n dirigir sus peticiones, cuestiones y reclamaciones:<\/p>\n<p>Env\u00edo por correo postal a la siguiente direcci\u00f3n: Centro Empresarial Detinsa, Avda. San Pablo, 26 \u2013 Oficina B1 28823 Coslada (Madrid).<\/p>\n<p>Env\u00edo por correo electr\u00f3nico a la siguiente direcci\u00f3n:\u00a0<a href=\"mailto:info@csfconsulting.es\">info@csfconsulting.es<\/a>.[\/vc_column_text][\/vc_column][\/vc_row]<\/p>\n<\/div>","protected":false},"excerpt":{"rendered":"<p>[vc_row][vc_column][vc_column_text css=\u00a0\u00bb.vc_custom_1463999384406{padding-top: 40px !important;padding-bottom: 20px !important;}\u00a0\u00bb] 1. TITULARIDAD El titular del Sitio Web\u00a0www.csfconsulting.es\u00a0(en adelante, la Web o Sitio Web) es la Sociedad \u201cCSF Consulting Abogados y Economistas S.L.\u201d (en adelante, Csf Consulting),\u00a0 asesoria coslada,\u00a0con domicilio social en Centro Empresarial \u2013 Avda. San Pablo, 26 \u2013 Ofic B1, (28823) de Coslada, Madrid, tel\u00e9fonos de contacto 91&hellip;<\/p>\n","protected":false},"author":2,"featured_media":0,"parent":0,"menu_order":0,"comment_status":"closed","ping_status":"closed","template":"","meta":{"footnotes":""},"class_list":["post-725","page","type-page","status-publish","hentry","description-off"],"_links":{"self":[{"href":"https:\/\/www.csfconsulting.es\/fr\/wp-json\/wp\/v2\/pages\/725","targetHints":{"allow":["GET"]}}],"collection":[{"href":"https:\/\/www.csfconsulting.es\/fr\/wp-json\/wp\/v2\/pages"}],"about":[{"href":"https:\/\/www.csfconsulting.es\/fr\/wp-json\/wp\/v2\/types\/page"}],"author":[{"embeddable":true,"href":"https:\/\/www.csfconsulting.es\/fr\/wp-json\/wp\/v2\/users\/2"}],"replies":[{"embeddable":true,"href":"https:\/\/www.csfconsulting.es\/fr\/wp-json\/wp\/v2\/comments?post=725"}],"version-history":[{"count":0,"href":"https:\/\/www.csfconsulting.es\/fr\/wp-json\/wp\/v2\/pages\/725\/revisions"}],"wp:attachment":[{"href":"https:\/\/www.csfconsulting.es\/fr\/wp-json\/wp\/v2\/media?parent=725"}],"curies":[{"name":"wp","href":"https:\/\/api.w.org\/{rel}","templated":true}]}}