{"id":727,"date":"2016-05-11T14:14:45","date_gmt":"2016-05-11T14:14:45","guid":{"rendered":"https:\/\/www.csfconsulting.es\/fr\/contacto\/"},"modified":"2023-02-20T16:08:24","modified_gmt":"2023-02-20T15:08:24","slug":"contact","status":"publish","type":"page","link":"https:\/\/www.csfconsulting.es\/fr\/contact\/","title":{"rendered":"Contact"},"content":{"rendered":"<div class=\"wpb-content-wrapper\"><p>[vc_row full_width=\u00a0\u00bbstretch_row\u00a0\u00bb equal_height=\u00a0\u00bbyes\u00a0\u00bb type=\u00a0\u00bbvc_default\u00a0\u00bb full_width_row=\u00a0\u00bbtrue\u00a0\u00bb css=\u00a0\u00bb.vc_custom_1464875768422{padding-top: 40px !important;padding-bottom: 40px !important;background-color: #ffffff !important;background-position: center !important;background-repeat: no-repeat !important;background-size: cover !important;}\u00a0\u00bb][vc_column width=\u00a0\u00bb2\/3&Prime;][vc_column_text]<strong>CSF Consulting Abogados y Economistas<\/strong> \u00e0 grandit durant toutes ces ann\u00e9es gr\u00e2ce \u00e0 la confiance de ses clients. Actuellement, nous disposons de notre propre r\u00e9seau de bureaux dans la Communaut\u00e9 de Madrid, et pouvons ainsi vous offrir le meilleur des services.<\/p>\n<p><strong>R\u00e9seau de Bureaux:<\/strong><\/p>\n<ul>\n<li><a title=\"CSF Consulting Coslada\" href=\"https:\/\/www.csfconsulting.es\/fr\/csf-consulting-coslada\/\">Bureau\u00a0de Coslada<\/a><\/li>\n<li><a title=\"CSF Consulting Alcal\u00e1 de Henares\" href=\"https:\/\/www.csfconsulting.es\/fr\/csf-consulting-alcala-de-henares\/\">Bureau\u00a0de Alcal\u00e1 de Henares<\/a><\/li>\n<li><a title=\"CSF Consulting Madrid\" href=\"https:\/\/www.csfconsulting.es\/fr\/csf-consulting-madrid\/\">Bureau\u00a0de Madrid<\/a><\/li>\n<\/ul>\n<p>[\/vc_column_text][\/vc_column][vc_column width=\u00a0\u00bb1\/3&Prime;][vc_column_text]<strong>T\u00e9l\u00e9phone:<\/strong>\u00a0916 74 31 36<\/p>\n<p><strong>Email: <\/strong>afianzacsf@afianza-ac.es<\/p>\n<p><strong>Horaires:<\/strong><\/p>\n<p>Lundi \u00e0 Jeudi: 8:30 \u2013\u00a014:00 et 15:30 \u2013 18:30<br \/>\nVendredi: 8:30 \u2013 14:30[\/vc_column_text][\/vc_column][\/vc_row][vc_row full_width=\u00a0\u00bbstretch_row\u00a0\u00bb bg_type=\u00a0\u00bbimage\u00a0\u00bb parallax_style=\u00a0\u00bbvcpb-default\u00a0\u00bb bg_image_new=\u00a0\u00bbid^163|url^https:\/\/www.csfconsulting.es\/wp-content\/uploads\/2016\/05\/fondo-cotacto.jpg|caption^null|alt^null|title^fondo-cotacto|description^null\u00a0\u00bb bg_image_repeat=\u00a0\u00bbno-repeat\u00a0\u00bb type=\u00a0\u00bbvc_default\u00a0\u00bb css=\u00a0\u00bb.vc_custom_1464188604111{padding-top: 40px !important;padding-bottom: 60px !important;}\u00a0\u00bb][vc_column]<div id=\"ultimate-heading-967569e1ee8d00e27\" class=\"uvc-heading ult-adjust-bottom-margin ultimate-heading-967569e1ee8d00e27 uvc-9858  uvc-heading-default-font-sizes\" data-hspacer=\"no_spacer\"  data-halign=\"center\" style=\"text-align:center\"><div class=\"uvc-heading-spacer no_spacer\" style=\"top\"><\/div><div class=\"uvc-main-heading ult-responsive\"  data-ultimate-target='.uvc-heading.ultimate-heading-967569e1ee8d00e27 h2'  data-responsive-json-new='{\"font-size\":\"\",\"line-height\":\"\"}' ><h2 style=\"font-family:&#039;Open Sans&#039;;font-weight:700;color:#ffffff;\">Contacta con nosotros<\/h2><\/div><div class=\"uvc-sub-heading ult-responsive\"  data-ultimate-target='.uvc-heading.ultimate-heading-967569e1ee8d00e27 .uvc-sub-heading '  data-responsive-json-new='{\"font-size\":\"desktop:24px;\",\"line-height\":\"desktop:32px;\"}'  style=\"font-family:&#039;Open Sans&#039;;font-weight:300;color:#ffffff;\"><\/p>\n<p style=\"text-align: center;\">Si tienes alguna duda,\u00a0ll\u00e1manos al <strong>91 674 31 36\u00a0<\/strong>o env\u00edanos tus datos y te asignaremos un asesor personal que contactar\u00e1\u00a0contigo de inmediato para resolver cualquier duda que tengas<\/p>\n<p><\/div><\/div>[vc_empty_space]\n<div class=\"wpcf7 no-js\" id=\"wpcf7-f908-o1\" lang=\"es-ES\" dir=\"ltr\" data-wpcf7-id=\"908\">\n<div class=\"screen-reader-response\"><p role=\"status\" aria-live=\"polite\" aria-atomic=\"true\"><\/p> <ul><\/ul><\/div>\n<form action=\"\/fr\/wp-json\/wp\/v2\/pages\/727#wpcf7-f908-o1\" method=\"post\" class=\"wpcf7-form init\" aria-label=\"Formulario de contacto\" novalidate=\"novalidate\" data-status=\"init\">\n<fieldset class=\"hidden-fields-container\"><input type=\"hidden\" name=\"_wpcf7\" value=\"908\" \/><input type=\"hidden\" name=\"_wpcf7_version\" value=\"6.1.5\" \/><input type=\"hidden\" name=\"_wpcf7_locale\" value=\"es_ES\" \/><input type=\"hidden\" name=\"_wpcf7_unit_tag\" value=\"wpcf7-f908-o1\" \/><input type=\"hidden\" name=\"_wpcf7_container_post\" value=\"0\" \/><input type=\"hidden\" name=\"_wpcf7_posted_data_hash\" value=\"\" \/><input type=\"hidden\" name=\"_wpcf7_recaptcha_response\" value=\"\" \/>\n<\/fieldset>\n<div style=\"float:left;width:49.6%;margin-right:0.8%;\">\n\t<p><span class=\"wpcf7-form-control-wrap\" data-name=\"your-name\"><input size=\"40\" maxlength=\"400\" class=\"wpcf7-form-control wpcf7-text wpcf7-validates-as-required\" aria-required=\"true\" aria-invalid=\"false\" placeholder=\"Nom*\" value=\"\" type=\"text\" name=\"your-name\" \/><\/span>\n\t<\/p>\n<\/div>\n<div style=\"float:left;width:49.6%;\">\n\t<p><span class=\"wpcf7-form-control-wrap\" data-name=\"your-company\"><input size=\"40\" maxlength=\"400\" class=\"wpcf7-form-control wpcf7-text\" aria-invalid=\"false\" placeholder=\"Soci\u00e9t\u00e9\" value=\"\" type=\"text\" name=\"your-company\" \/><\/span>\n\t<\/p>\n<\/div>\n<div style=\"clear:both;float:left;width:49.6%;margin-right:0.8%;\">\n\t<p><span class=\"wpcf7-form-control-wrap\" data-name=\"your-email\"><input size=\"40\" maxlength=\"400\" class=\"wpcf7-form-control wpcf7-email wpcf7-validates-as-required wpcf7-text wpcf7-validates-as-email\" aria-required=\"true\" aria-invalid=\"false\" placeholder=\"Email*\" value=\"\" type=\"email\" name=\"your-email\" \/><\/span>\n\t<\/p>\n<\/div>\n<div style=\"float:left;width:49.6%;\">\n\t<p><span class=\"wpcf7-form-control-wrap\" data-name=\"your-tel\"><input size=\"40\" maxlength=\"400\" class=\"wpcf7-form-control wpcf7-tel wpcf7-text wpcf7-validates-as-tel\" aria-invalid=\"false\" placeholder=\"T\u00e9l\u00e9phone\" value=\"\" type=\"tel\" name=\"your-tel\" \/><\/span>\n\t<\/p>\n<\/div>\n<div style=\"clear:both;\" class=\"areatexto\">\n\t<p><span class=\"wpcf7-form-control-wrap\" data-name=\"your-message\"><textarea cols=\"40\" rows=\"10\" maxlength=\"2000\" class=\"wpcf7-form-control wpcf7-textarea\" aria-invalid=\"false\" placeholder=\"Message\" name=\"your-message\"><\/textarea><\/span>\n\t<\/p>\n<\/div>\n<div class=\"botoncolor\" style=\"float:left;\">\n\t<p><input class=\"wpcf7-form-control wpcf7-submit has-spinner\" type=\"submit\" value=\"Envoyer\" \/>\n\t<\/p>\n<\/div>\n<div style=\"float:right;color:#ffffff;\">\n\t<p><span class=\"wpcf7-form-control-wrap\" data-name=\"acceptance-313\"><span class=\"wpcf7-form-control wpcf7-acceptance\"><span class=\"wpcf7-list-item\"><input type=\"checkbox\" name=\"acceptance-313\" value=\"1\" aria-invalid=\"false\" \/><\/span><\/span><\/span> J'accepte la <a style=\"color:#ffffff;\" href=\"https:\/\/www.csfconsulting.es\/fr\/politique-de-confidentialite\/\" title=\"Read the rivacy policy\" target=\"_blank\">politique de confidentialit\u00e9<\/a>\n\t<\/p>\n<\/div><p style=\"display: none !important;\" class=\"akismet-fields-container\" data-prefix=\"_wpcf7_ak_\"><label>&#916;<textarea name=\"_wpcf7_ak_hp_textarea\" cols=\"45\" rows=\"8\" maxlength=\"100\"><\/textarea><\/label><input type=\"hidden\" id=\"ak_js_1\" name=\"_wpcf7_ak_js\" value=\"168\"\/><script>document.getElementById( \"ak_js_1\" ).setAttribute( \"value\", ( new Date() ).getTime() );<\/script><\/p><div class=\"wpcf7-response-output\" aria-hidden=\"true\"><\/div>\n<\/form>\n<\/div>\n[\/vc_column][\/vc_row]<\/p>\n<\/div>","protected":false},"excerpt":{"rendered":"<p>[vc_row full_width=\u00a0\u00bbstretch_row\u00a0\u00bb equal_height=\u00a0\u00bbyes\u00a0\u00bb type=\u00a0\u00bbvc_default\u00a0\u00bb full_width_row=\u00a0\u00bbtrue\u00a0\u00bb css=\u00a0\u00bb.vc_custom_1464875768422{padding-top: 40px !important;padding-bottom: 40px !important;background-color: #ffffff !important;background-position: center !important;background-repeat: no-repeat !important;background-size: cover !important;}\u00a0\u00bb][vc_column width=\u00a0\u00bb2\/3&Prime;][vc_column_text]CSF Consulting Abogados y Economistas \u00e0 grandit durant toutes ces ann\u00e9es gr\u00e2ce \u00e0 la confiance de ses clients. Actuellement, nous disposons de notre propre r\u00e9seau de bureaux dans la Communaut\u00e9 de Madrid, et pouvons ainsi vous offrir&hellip;<\/p>\n","protected":false},"author":2,"featured_media":0,"parent":0,"menu_order":0,"comment_status":"closed","ping_status":"closed","template":"","meta":{"footnotes":""},"class_list":["post-727","page","type-page","status-publish","hentry","description-off"],"_links":{"self":[{"href":"https:\/\/www.csfconsulting.es\/fr\/wp-json\/wp\/v2\/pages\/727","targetHints":{"allow":["GET"]}}],"collection":[{"href":"https:\/\/www.csfconsulting.es\/fr\/wp-json\/wp\/v2\/pages"}],"about":[{"href":"https:\/\/www.csfconsulting.es\/fr\/wp-json\/wp\/v2\/types\/page"}],"author":[{"embeddable":true,"href":"https:\/\/www.csfconsulting.es\/fr\/wp-json\/wp\/v2\/users\/2"}],"replies":[{"embeddable":true,"href":"https:\/\/www.csfconsulting.es\/fr\/wp-json\/wp\/v2\/comments?post=727"}],"version-history":[{"count":1,"href":"https:\/\/www.csfconsulting.es\/fr\/wp-json\/wp\/v2\/pages\/727\/revisions"}],"predecessor-version":[{"id":18193,"href":"https:\/\/www.csfconsulting.es\/fr\/wp-json\/wp\/v2\/pages\/727\/revisions\/18193"}],"wp:attachment":[{"href":"https:\/\/www.csfconsulting.es\/fr\/wp-json\/wp\/v2\/media?parent=727"}],"curies":[{"name":"wp","href":"https:\/\/api.w.org\/{rel}","templated":true}]}}