{"id":741,"date":"2016-05-11T14:10:18","date_gmt":"2016-05-11T14:10:18","guid":{"rendered":"https:\/\/www.csfconsulting.es\/fr\/quienes-somos\/"},"modified":"2025-11-21T13:08:28","modified_gmt":"2025-11-21T12:08:28","slug":"qui-sommes-nous","status":"publish","type":"page","link":"https:\/\/www.csfconsulting.es\/fr\/qui-sommes-nous\/","title":{"rendered":"Qui sommes nous"},"content":{"rendered":"<div class=\"wpb-content-wrapper\"><p>[vc_row full_width_row=\u00a0\u00bbtrue\u00a0\u00bb][vc_column][vc_single_image image=\u00a0\u00bb672&Prime; img_size=\u00a0\u00bbfull\u00a0\u00bb alignment=\u00a0\u00bbcenter\u00a0\u00bb][\/vc_column][\/vc_row][vc_row type=\u00a0\u00bbvc_default\u00a0\u00bb css=\u00a0\u00bb.vc_custom_1463749790503{padding-top: 40px !important;padding-bottom: 20px !important;}\u00a0\u00bb][vc_column]<div id=\"ultimate-heading-227069e10fc258dbc\" class=\"uvc-heading ult-adjust-bottom-margin ultimate-heading-227069e10fc258dbc uvc-7796 \" data-hspacer=\"no_spacer\"  data-halign=\"center\" style=\"text-align:center\"><div class=\"uvc-heading-spacer no_spacer\" style=\"top\"><\/div><div class=\"uvc-main-heading ult-responsive\"  data-ultimate-target='.uvc-heading.ultimate-heading-227069e10fc258dbc h2'  data-responsive-json-new='{\"font-size\":\"desktop:36px;\",\"line-height\":\"\"}' ><h2 style=\"font-family:&#039;Open Sans&#039;;font-weight:700;\">Notre Entreprise<\/h2><\/div><div class=\"uvc-sub-heading ult-responsive\"  data-ultimate-target='.uvc-heading.ultimate-heading-227069e10fc258dbc .uvc-sub-heading '  data-responsive-json-new='{\"font-size\":\"desktop:24px;\",\"line-height\":\"\"}'  style=\"font-family:&#039;Open Sans&#039;;font-weight:300;\"><\/p>\n<p style=\"text-align: center;\"><strong>CSF Consulting abogados y economistas<\/strong> est un cabinet d\u2019avocats et de conseil en entreprises \u00e0 Madrid et Corredor del Henares ayant plus de 20 ans d\u2019exp\u00e9rience.<\/p>\n<p><\/div><\/div>[vc_row_inner gap=\u00a0\u00bb35&Prime; css=\u00a0\u00bb.vc_custom_1463733961880{margin-top: 40px !important;}\u00a0\u00bb][vc_column_inner width=\u00a0\u00bb1\/2&Prime;][vc_column_text css=\u00a0\u00bb.vc_custom_1466526831823{margin-bottom: 20px !important;}\u00a0\u00bb]Despuis nos d\u00e9buts comme consultants en entreprises \u00e0 Coslada et San Fernando de Henares, ce projet \u00e0 progress\u00e9 en offrant un servide <strong>d\u2019une qualit\u00e9 irr\u00e9prochable et un accueil personnalis\u00e9<\/strong>\u00e0 ses clients. <strong>CSF Consulting<\/strong>\u00a0 offre un <strong>encadrement complet<\/strong>aux entreprises et aux professionnels, en leurs apportant les solutions ad\u00e9quates, nous convertissant en leur meilleur alli\u00e9 pour le d\u00e9veloppement de leurs affaires. Parmi nos clients, vous trouverez des PME, startups, entrepreneurs et artisans.<\/p>\n<p>Notre Marque a \u00e9t\u00e9 reconnue durant toutes ces ann\u00e9es pour son excellence en mati\u00e8re de conseils fiscaux et comptables, professionnels, juridique-mercantile, protection des donn\u00e9es, droits des assurances, propri\u00e9t\u00e9 intellectuelle et industrielle, droit immobilier, gestion des subventions et financements. Nous comptons parmi nous des <strong>professionnels polyglottes<\/strong> en Espagnol, Fran\u00e7ais et Anglais pour conseiller les entreprises ayant vocation internationale et\/ou les clients \u00e9trangers.[\/vc_column_text][\/vc_column_inner][vc_column_inner width=\u00a0\u00bb1\/2&Prime;][vc_column_text css=\u00a0\u00bb.vc_custom_1466526841071{margin-bottom: 20px !important;}\u00a0\u00bb]Notre cabinet d\u2019avocats et nos collaborateurs au sein de notre r\u00e9seau de bureaux \u00e0 Madrid ou \u00e0 Alcala de Henares vous feront b\u00e9n\u00e9ficier de conseils l\u00e9gaux pour les particuliers, de la part d\u2019avocats sp\u00e9cialis\u00e9s sur les diff\u00e9rentes facettes du droit. <strong>CSF Consulting <\/strong>\u00a0vous permet de disposer pour le d\u00e9fense de vos droits, d\u2019avocats sp\u00e9cialisets en droit civil, droit du travail, actions juridique d\u00e9riv\u00e9 d\u2019accidents, droits immobilier, r\u00e9clamation de quantit\u00e9, immigration, affaires familiales et succession, et droit p\u00e9nal.<\/p>\n<p>Le fil conducteur de notre organisation est et \u00e0 toujuor \u00e9t\u00e9 la mise \u00e0 disposition de nos clients d\u2019une \u00e9quipe de professionnels appuy\u00e9e par les derniers<strong> outils technologique en gestion et conseil<\/strong>. Des services comme le conseil juridique et fiscalit\u00e9 online, com comptabilit\u00e9 sans papiers, ou notre magasin online pour les services juriques, permettent aux clients d\u2019obtenir une r\u00e9ponse rapide et efficace \u00e0 leur prob\u00e8mes et besoins. Cette\u00a0fa\u00e7on de travailler facilite le contr\u00f4le par le client de tous ses documents fiscaux, professionnels et juridiques, r\u00e9duisant ainsi les d\u00e9marches et fournissant une excellente interaction avec le client.[\/vc_column_text][\/vc_column_inner][\/vc_row_inner][\/vc_column][\/vc_row][vc_row full_width=\u00a0\u00bbstretch_row\u00a0\u00bb type=\u00a0\u00bbvc_default\u00a0\u00bb bg_color=\u00a0\u00bb#f2f2f2&Prime; css=\u00a0\u00bb.vc_custom_1469012953376{padding-top: 40px !important;padding-bottom: 20px !important;background-color: #f2f2f2 !important;}\u00a0\u00bb el_class=\u00a0\u00bbequipo\u00a0\u00bb][vc_column]<div id=\"ultimate-heading-126069e10fc258e79\" class=\"uvc-heading ult-adjust-bottom-margin ultimate-heading-126069e10fc258e79 uvc-6656 \" data-hspacer=\"no_spacer\"  data-halign=\"center\" style=\"text-align:center\"><div class=\"uvc-heading-spacer no_spacer\" style=\"top\"><\/div><div class=\"uvc-main-heading ult-responsive\"  data-ultimate-target='.uvc-heading.ultimate-heading-126069e10fc258e79 h2'  data-responsive-json-new='{\"font-size\":\"desktop:36px;\",\"line-height\":\"\"}' ><h2 style=\"font-family:&#039;Open Sans&#039;;font-weight:700;\">Notre \u00c9quipe<\/h2><\/div><div class=\"uvc-sub-heading ult-responsive\"  data-ultimate-target='.uvc-heading.ultimate-heading-126069e10fc258e79 .uvc-sub-heading '  data-responsive-json-new='{\"font-size\":\"desktop:24px;\",\"line-height\":\"\"}'  style=\"font-family:&#039;Open Sans&#039;;font-weight:300;\"><\/p>\n<p style=\"text-align: center;\">Notre \u00e9quipe est compos\u00e9e d\u2019\u00e9conomistes, d\u2019avocats, de conseillers fiscaux (comptables), d\u2019experts en relations du monde du travail, et de personnels administratifs. Tous s\u2019appuient sur une formation sp\u00e9cifique \u00e0 son domaine et sur une grande <strong>experi\u00e9nce professionnelle<\/strong>.<\/p>\n<p><\/div><\/div>[vc_row_inner css=\u00a0\u00bb.vc_custom_1469012553025{margin-top: 60px !important;}\u00a0\u00bb el_class=\u00a0\u00bbhome_box_wrap\u00a0\u00bb][vc_column_inner width=\u00a0\u00bb1\/6&Prime;]\n<div tabindex=\"0\" id=\"interactive-banner-1-wrap-6617\" class=\"ult-banner-block ult-adjust-bottom-margin ult-bb-none ult-banner-block-custom-height banner-style01 \"   style=\"height:300px;\">\n\t<img decoding=\"async\" src=\"https:\/\/www.csfconsulting.es\/wp-content\/uploads\/antonio-aladuena-csf-consulting.jpg\" alt=\"Antonio Aladue\u00f1a, csf consulting\" title=\"\">\n\t<h3  data-ultimate-target='#interactive-banner-1-wrap-6617 .bb-top-title '  data-responsive-json-new='{\"font-size\":\"\",\"line-height\":\"\"}'  class=\"title-center bb-top-title ult-responsive\" style=\"font-weight:normal;background:#0078c9;color:#ffffff;\">Antonio Aladue\u00f1a<\/h3>\n\t<div class=\"mask opaque-background\" style=\"background:#ffffff;\">\n\t\t<div  data-ultimate-target='#interactive-banner-1-wrap-6617 .bb-description'  data-responsive-json-new='{\"font-size\":\"\",\"line-height\":\"\"}'  class=\"bb-description ult-responsive\" style=\"font-weight:normal;color:#0078c9;\"><strong>Socio Director<\/strong><\/div>\n\t<\/div>\n<\/div>[\/vc_column_inner][vc_column_inner width=\u00a0\u00bb1\/6&Prime;]\n<div tabindex=\"0\" id=\"interactive-banner-1-wrap-1412\" class=\"ult-banner-block ult-adjust-bottom-margin ult-bb-none ult-banner-block-custom-height banner-style01 \"   style=\"height:300px;\">\n\t<img decoding=\"async\" src=\"https:\/\/www.csfconsulting.es\/wp-content\/uploads\/montserrat-esparcia-csf-consulting.jpg\" alt=\"Montserrat Esparcia, csf consulting\" title=\"\">\n\t<h3  data-ultimate-target='#interactive-banner-1-wrap-1412 .bb-top-title '  data-responsive-json-new='{\"font-size\":\"\",\"line-height\":\"\"}'  class=\"title-center bb-top-title ult-responsive\" style=\"font-weight:normal;background:#0078c9;color:#ffffff;\">Montserrat Esparcia<\/h3>\n\t<div class=\"mask opaque-background\" style=\"background:#ffffff;\">\n\t\t<div  data-ultimate-target='#interactive-banner-1-wrap-1412 .bb-description'  data-responsive-json-new='{\"font-size\":\"\",\"line-height\":\"\"}'  class=\"bb-description ult-responsive\" style=\"font-weight:normal;color:#0078c9;\"><strong>Directora \u00c1rea Fiscal<\/strong><\/div>\n\t<\/div>\n<\/div>[\/vc_column_inner][vc_column_inner width=\u00a0\u00bb1\/6&Prime;]\n<div tabindex=\"0\" id=\"interactive-banner-1-wrap-2737\" class=\"ult-banner-block ult-adjust-bottom-margin ult-bb-none ult-banner-block-custom-height banner-style01 \"   style=\"height:300px;\">\n\t<img decoding=\"async\" src=\"https:\/\/www.csfconsulting.es\/wp-content\/uploads\/eva-espina-csf-consulting.jpg\" alt=\"Eva Espina, csf consulting\" title=\"\">\n\t<h3  data-ultimate-target='#interactive-banner-1-wrap-2737 .bb-top-title '  data-responsive-json-new='{\"font-size\":\"\",\"line-height\":\"\"}'  class=\"title-center bb-top-title ult-responsive\" style=\"font-weight:normal;background:#0078c9;color:#ffffff;\">Eva Espina<\/h3>\n\t<div class=\"mask opaque-background\" style=\"background:#ffffff;\">\n\t\t<div  data-ultimate-target='#interactive-banner-1-wrap-2737 .bb-description'  data-responsive-json-new='{\"font-size\":\"\",\"line-height\":\"\"}'  class=\"bb-description ult-responsive\" style=\"font-weight:normal;color:#0078c9;\"><strong>Directora \u00c1rea Laboral<\/strong><\/div>\n\t<\/div>\n<\/div>[\/vc_column_inner][vc_column_inner width=\u00a0\u00bb1\/6&Prime;]\n<div tabindex=\"0\" id=\"interactive-banner-1-wrap-2593\" class=\"ult-banner-block ult-adjust-bottom-margin ult-bb-none ult-banner-block-custom-height banner-style01 \"   style=\"height:300px;\">\n\t<img decoding=\"async\" src=\"https:\/\/www.csfconsulting.es\/wp-content\/uploads\/desire-pena-csf-consulting.jpg\" alt=\"Desir\u00e9 Pe\u00f1a, csf consulting\" title=\"\">\n\t<h3  data-ultimate-target='#interactive-banner-1-wrap-2593 .bb-top-title '  data-responsive-json-new='{\"font-size\":\"\",\"line-height\":\"\"}'  class=\"title-center bb-top-title ult-responsive\" style=\"font-weight:normal;background:#0078c9;color:#ffffff;\">Desir\u00e9e Pe\u00f1a<\/h3>\n\t<div class=\"mask opaque-background\" style=\"background:#ffffff;\">\n\t\t<div  data-ultimate-target='#interactive-banner-1-wrap-2593 .bb-description'  data-responsive-json-new='{\"font-size\":\"\",\"line-height\":\"\"}'  class=\"bb-description ult-responsive\" style=\"font-weight:normal;color:#0078c9;\"><strong>Asesora \u00c1rea Fiscal-Contable<\/strong><\/div>\n\t<\/div>\n<\/div>[\/vc_column_inner][vc_column_inner width=\u00a0\u00bb1\/6&Prime;]\n<div tabindex=\"0\" id=\"interactive-banner-1-wrap-8856\" class=\"ult-banner-block ult-adjust-bottom-margin ult-bb-none ult-banner-block-custom-height banner-style01 \"   style=\"height:300px;\">\n\t<img decoding=\"async\" src=\"https:\/\/www.csfconsulting.es\/wp-content\/uploads\/andres-lopez-csf-consulting.jpg\" alt=\"Andr\u00e9s L\u00f3pez, csf consulting\" title=\"\">\n\t<h3  data-ultimate-target='#interactive-banner-1-wrap-8856 .bb-top-title '  data-responsive-json-new='{\"font-size\":\"\",\"line-height\":\"\"}'  class=\"title-center bb-top-title ult-responsive\" style=\"font-weight:normal;background:#0078c9;color:#ffffff;\">Andr\u00e9s L\u00f3pez<\/h3>\n\t<div class=\"mask opaque-background\" style=\"background:#ffffff;\">\n\t\t<div  data-ultimate-target='#interactive-banner-1-wrap-8856 .bb-description'  data-responsive-json-new='{\"font-size\":\"\",\"line-height\":\"\"}'  class=\"bb-description ult-responsive\" style=\"font-weight:normal;color:#0078c9;\"><strong>Abogado<\/strong><\/div>\n\t<\/div>\n<\/div>[\/vc_column_inner][vc_column_inner width=\u00a0\u00bb1\/6&Prime;][\/vc_column_inner][\/vc_row_inner][vc_row_inner el_class=\u00a0\u00bbhome_box_wrap\u00a0\u00bb][vc_column_inner width=\u00a0\u00bb1\/6&Prime;]\n<div tabindex=\"0\" id=\"interactive-banner-1-wrap-5854\" class=\"ult-banner-block ult-adjust-bottom-margin ult-bb-none ult-banner-block-custom-height banner-style01 \"   style=\"height:300px;\">\n\t<img decoding=\"async\" src=\"https:\/\/www.csfconsulting.es\/wp-content\/uploads\/soraya-lozano-csf-consulting.jpg\" alt=\"Soraya Lozano csf consulting\" title=\"\">\n\t<h3  data-ultimate-target='#interactive-banner-1-wrap-5854 .bb-top-title '  data-responsive-json-new='{\"font-size\":\"\",\"line-height\":\"\"}'  class=\"title-center bb-top-title ult-responsive\" style=\"font-weight:normal;background:#0078c9;color:#ffffff;\">Soraya Lozano<\/h3>\n\t<div class=\"mask opaque-background\" style=\"background:#ffffff;\">\n\t\t<div  data-ultimate-target='#interactive-banner-1-wrap-5854 .bb-description'  data-responsive-json-new='{\"font-size\":\"\",\"line-height\":\"\"}'  class=\"bb-description ult-responsive\" style=\"font-weight:normal;color:#0078c9;\"><strong>Responsable Atenci\u00f3n al Cliente<\/strong><\/div>\n\t<\/div>\n<\/div>[\/vc_column_inner][vc_column_inner width=\u00a0\u00bb1\/6&Prime;]\n<div tabindex=\"0\" id=\"interactive-banner-1-wrap-1854\" class=\"ult-banner-block ult-adjust-bottom-margin ult-bb-none ult-banner-block-custom-height banner-style01 \"   style=\"height:300px;\">\n\t<img decoding=\"async\" src=\"https:\/\/www.csfconsulting.es\/wp-content\/uploads\/encarna-ramos-csf-consulting.jpg\" alt=\"Encarna Ramos, csf consulting\" title=\"\">\n\t<h3  data-ultimate-target='#interactive-banner-1-wrap-1854 .bb-top-title '  data-responsive-json-new='{\"font-size\":\"\",\"line-height\":\"\"}'  class=\"title-center bb-top-title ult-responsive\" style=\"font-weight:normal;background:#0078c9;color:#ffffff;\">Encarna Ramos<\/h3>\n\t<div class=\"mask opaque-background\" style=\"background:#ffffff;\">\n\t\t<div  data-ultimate-target='#interactive-banner-1-wrap-1854 .bb-description'  data-responsive-json-new='{\"font-size\":\"\",\"line-height\":\"\"}'  class=\"bb-description ult-responsive\" style=\"font-weight:normal;color:#0078c9;\"><strong>Asesora \u00c1rea Laboral<\/strong><\/div>\n\t<\/div>\n<\/div>[\/vc_column_inner][vc_column_inner width=\u00a0\u00bb1\/6&Prime;]\n<div tabindex=\"0\" id=\"interactive-banner-1-wrap-6825\" class=\"ult-banner-block ult-adjust-bottom-margin ult-bb-none ult-banner-block-custom-height banner-style01 \"   style=\"height:300px;\">\n\t<img decoding=\"async\" src=\"https:\/\/www.csfconsulting.es\/wp-content\/uploads\/fernanda-paez-csf-consulting.jpg\" alt=\"Fernanda P\u00e1ez, csf consulting\" title=\"\">\n\t<h3  data-ultimate-target='#interactive-banner-1-wrap-6825 .bb-top-title '  data-responsive-json-new='{\"font-size\":\"\",\"line-height\":\"\"}'  class=\"title-center bb-top-title ult-responsive\" style=\"font-weight:normal;background:#0078c9;color:#ffffff;\">Fernanda P\u00e1ez<\/h3>\n\t<div class=\"mask opaque-background\" style=\"background:#ffffff;\">\n\t\t<div  data-ultimate-target='#interactive-banner-1-wrap-6825 .bb-description'  data-responsive-json-new='{\"font-size\":\"\",\"line-height\":\"\"}'  class=\"bb-description ult-responsive\" style=\"font-weight:normal;color:#0078c9;\"><strong>Assistant \u00c1rea Fiscal-Contable<\/strong><\/div>\n\t<\/div>\n<\/div>[\/vc_column_inner][vc_column_inner width=\u00a0\u00bb1\/6&Prime;]\n<div tabindex=\"0\" id=\"interactive-banner-1-wrap-8848\" class=\"ult-banner-block ult-adjust-bottom-margin ult-bb-none ult-banner-block-custom-height banner-style01 \"   style=\"height:300px;\">\n\t<img decoding=\"async\" src=\"https:\/\/www.csfconsulting.es\/wp-content\/uploads\/isabel-martin-csf-consulting.jpg\" alt=\"Isabel Mart\u00edn, csf consulting\" title=\"\">\n\t<h3  data-ultimate-target='#interactive-banner-1-wrap-8848 .bb-top-title '  data-responsive-json-new='{\"font-size\":\"\",\"line-height\":\"\"}'  class=\"title-center bb-top-title ult-responsive\" style=\"font-weight:normal;background:#0078c9;color:#ffffff;\">Isabel Mart\u00edn<\/h3>\n\t<div class=\"mask opaque-background\" style=\"background:#ffffff;\">\n\t\t<div  data-ultimate-target='#interactive-banner-1-wrap-8848 .bb-description'  data-responsive-json-new='{\"font-size\":\"\",\"line-height\":\"\"}'  class=\"bb-description ult-responsive\" style=\"font-weight:normal;color:#0078c9;\"><strong>Responsable Dpto. Administraci\u00f3n<\/strong><\/div>\n\t<\/div>\n<\/div>[\/vc_column_inner][vc_column_inner width=\u00a0\u00bb1\/6&Prime;]\n<div tabindex=\"0\" id=\"interactive-banner-1-wrap-5054\" class=\"ult-banner-block ult-adjust-bottom-margin ult-bb-none ult-banner-block-custom-height banner-style01 \"   style=\"height:300px;\">\n\t<img decoding=\"async\" src=\"https:\/\/www.csfconsulting.es\/wp-content\/uploads\/ana-maria-casado-csf-consulting.jpg\" alt=\"Ana Mar\u00eda Casado, csf consulting\" title=\"\">\n\t<h3  data-ultimate-target='#interactive-banner-1-wrap-5054 .bb-top-title '  data-responsive-json-new='{\"font-size\":\"\",\"line-height\":\"\"}'  class=\"title-center bb-top-title ult-responsive\" style=\"font-weight:normal;background:#0078c9;color:#ffffff;\">Ana Mar\u00eda Casado<\/h3>\n\t<div class=\"mask opaque-background\" style=\"background:#ffffff;\">\n\t\t<div  data-ultimate-target='#interactive-banner-1-wrap-5054 .bb-description'  data-responsive-json-new='{\"font-size\":\"\",\"line-height\":\"\"}'  class=\"bb-description ult-responsive\" style=\"font-weight:normal;color:#0078c9;\"><strong>Assistant \u00c1rea Fiscal-Contable<\/strong><\/div>\n\t<\/div>\n<\/div>[\/vc_column_inner][vc_column_inner width=\u00a0\u00bb1\/6&Prime;][\/vc_column_inner][\/vc_row_inner][vc_row_inner el_class=\u00a0\u00bbhome_box_wrap\u00a0\u00bb][vc_column_inner width=\u00a0\u00bb1\/6&Prime;]\n<div tabindex=\"0\" id=\"interactive-banner-1-wrap-2033\" class=\"ult-banner-block ult-adjust-bottom-margin ult-bb-none ult-banner-block-custom-height banner-style01 \"   style=\"height:300px;\">\n\t<img decoding=\"async\" src=\"https:\/\/www.csfconsulting.es\/wp-content\/uploads\/rebeca-guitierrez-csf-consulting.jpg\" alt=\"Rebeca Guiti\u00e9rrez, csf consulting\" title=\"\">\n\t<h3  data-ultimate-target='#interactive-banner-1-wrap-2033 .bb-top-title '  data-responsive-json-new='{\"font-size\":\"\",\"line-height\":\"\"}'  class=\"title-center bb-top-title ult-responsive\" style=\"font-weight:normal;background:#0078c9;color:#ffffff;\">Rebeca Guti\u00e9rrez<\/h3>\n\t<div class=\"mask opaque-background\" style=\"background:#ffffff;\">\n\t\t<div  data-ultimate-target='#interactive-banner-1-wrap-2033 .bb-description'  data-responsive-json-new='{\"font-size\":\"\",\"line-height\":\"\"}'  class=\"bb-description ult-responsive\" style=\"font-weight:normal;color:#0078c9;\"><strong>Assistant \u00c1rea Fiscal-Contable<\/strong><\/div>\n\t<\/div>\n<\/div>[\/vc_column_inner][vc_column_inner width=\u00a0\u00bb1\/6&Prime;]\n<div tabindex=\"0\" id=\"interactive-banner-1-wrap-2773\" class=\"ult-banner-block ult-adjust-bottom-margin ult-bb-none ult-banner-block-custom-height banner-style01 \"   style=\"height:300px;\">\n\t<img decoding=\"async\" src=\"https:\/\/www.csfconsulting.es\/wp-content\/uploads\/yolanda-selles-csf-consulting.jpg\" alt=\"Yolanda Sell\u00e9s, csf consulting\" title=\"\">\n\t<h3  data-ultimate-target='#interactive-banner-1-wrap-2773 .bb-top-title '  data-responsive-json-new='{\"font-size\":\"\",\"line-height\":\"\"}'  class=\"title-center bb-top-title ult-responsive\" style=\"font-weight:normal;background:#0078c9;color:#ffffff;\">Yolanda Sell\u00e9s<\/h3>\n\t<div class=\"mask opaque-background\" style=\"background:#ffffff;\">\n\t\t<div  data-ultimate-target='#interactive-banner-1-wrap-2773 .bb-description'  data-responsive-json-new='{\"font-size\":\"\",\"line-height\":\"\"}'  class=\"bb-description ult-responsive\" style=\"font-weight:normal;color:#0078c9;\"><strong>Consultora Recursos Humanos<\/strong><\/div>\n\t<\/div>\n<\/div>[\/vc_column_inner][vc_column_inner width=\u00a0\u00bb1\/6&Prime;]\n<div tabindex=\"0\" id=\"interactive-banner-1-wrap-2386\" class=\"ult-banner-block ult-adjust-bottom-margin ult-bb-none ult-banner-block-custom-height banner-style01 \"   style=\"height:300px;\">\n\t<img decoding=\"async\" src=\"https:\/\/www.csfconsulting.es\/wp-content\/uploads\/carlos-julio-garcia-csf-consulting.jpg\" alt=\"Carlos Julio Garc\u00eda, csf consulting\" title=\"\">\n\t<h3  data-ultimate-target='#interactive-banner-1-wrap-2386 .bb-top-title '  data-responsive-json-new='{\"font-size\":\"\",\"line-height\":\"\"}'  class=\"title-center bb-top-title ult-responsive\" style=\"font-weight:normal;background:#0078c9;color:#ffffff;\">Carlos Julio Garc\u00eda<\/h3>\n\t<div class=\"mask opaque-background\" style=\"background:#ffffff;\">\n\t\t<div  data-ultimate-target='#interactive-banner-1-wrap-2386 .bb-description'  data-responsive-json-new='{\"font-size\":\"\",\"line-height\":\"\"}'  class=\"bb-description ult-responsive\" style=\"font-weight:normal;color:#0078c9;\"><strong>Gestor Comercial Alcal\u00e1 de Henares<\/strong><\/div>\n\t<\/div>\n<\/div>[\/vc_column_inner][vc_column_inner width=\u00a0\u00bb1\/6&Prime;][\/vc_column_inner][vc_column_inner width=\u00a0\u00bb1\/6&Prime;][\/vc_column_inner][vc_column_inner width=\u00a0\u00bb1\/6&Prime;][\/vc_column_inner][\/vc_row_inner][\/vc_column][\/vc_row]<\/p>\n<\/div>","protected":false},"excerpt":{"rendered":"<p>[vc_row full_width_row=\u00a0\u00bbtrue\u00a0\u00bb][vc_column][vc_single_image image=\u00a0\u00bb672&Prime; img_size=\u00a0\u00bbfull\u00a0\u00bb alignment=\u00a0\u00bbcenter\u00a0\u00bb][\/vc_column][\/vc_row][vc_row type=\u00a0\u00bbvc_default\u00a0\u00bb css=\u00a0\u00bb.vc_custom_1463749790503{padding-top: 40px !important;padding-bottom: 20px !important;}\u00a0\u00bb][vc_column][vc_row_inner gap=\u00a0\u00bb35&Prime; css=\u00a0\u00bb.vc_custom_1463733961880{margin-top: 40px !important;}\u00a0\u00bb][vc_column_inner width=\u00a0\u00bb1\/2&Prime;][vc_column_text css=\u00a0\u00bb.vc_custom_1466526831823{margin-bottom: 20px !important;}\u00a0\u00bb]Despuis nos d\u00e9buts comme consultants en entreprises \u00e0 Coslada et San Fernando de Henares, ce projet \u00e0 progress\u00e9 en offrant un servide d\u2019une qualit\u00e9 irr\u00e9prochable et un accueil personnalis\u00e9\u00e0 ses clients. CSF Consulting\u00a0 offre un encadrement completaux&hellip;<\/p>\n","protected":false},"author":2,"featured_media":17211,"parent":0,"menu_order":0,"comment_status":"closed","ping_status":"closed","template":"","meta":{"footnotes":""},"class_list":["post-741","page","type-page","status-publish","has-post-thumbnail","hentry","description-off"],"_links":{"self":[{"href":"https:\/\/www.csfconsulting.es\/fr\/wp-json\/wp\/v2\/pages\/741","targetHints":{"allow":["GET"]}}],"collection":[{"href":"https:\/\/www.csfconsulting.es\/fr\/wp-json\/wp\/v2\/pages"}],"about":[{"href":"https:\/\/www.csfconsulting.es\/fr\/wp-json\/wp\/v2\/types\/page"}],"author":[{"embeddable":true,"href":"https:\/\/www.csfconsulting.es\/fr\/wp-json\/wp\/v2\/users\/2"}],"replies":[{"embeddable":true,"href":"https:\/\/www.csfconsulting.es\/fr\/wp-json\/wp\/v2\/comments?post=741"}],"version-history":[{"count":2,"href":"https:\/\/www.csfconsulting.es\/fr\/wp-json\/wp\/v2\/pages\/741\/revisions"}],"predecessor-version":[{"id":20161,"href":"https:\/\/www.csfconsulting.es\/fr\/wp-json\/wp\/v2\/pages\/741\/revisions\/20161"}],"wp:featuredmedia":[{"embeddable":true,"href":"https:\/\/www.csfconsulting.es\/fr\/wp-json\/wp\/v2\/media\/17211"}],"wp:attachment":[{"href":"https:\/\/www.csfconsulting.es\/fr\/wp-json\/wp\/v2\/media?parent=741"}],"curies":[{"name":"wp","href":"https:\/\/api.w.org\/{rel}","templated":true}]}}